{"id":1001,"date":"2020-09-09T15:27:39","date_gmt":"2020-09-09T20:27:39","guid":{"rendered":"https:\/\/innergia.com\/intervention-organisationnelle\/"},"modified":"2020-09-28T14:05:35","modified_gmt":"2020-09-28T19:05:35","slug":"organizational-interventions","status":"publish","type":"page","link":"https:\/\/innergia.com\/en\/organizational-interventions\/","title":{"rendered":"Organizational interventions"},"content":{"rendered":"<p>[et_pb_section fb_built=&#8221;1&#8243; admin_label=&#8221;banniere&#8221; _builder_version=&#8221;4.6.2&#8243; _module_preset=&#8221;default&#8221; background_color=&#8221;#dedede&#8221; background_image=&#8221;https:\/\/innergia.com\/wp-content\/uploads\/2020\/09\/fondentete_6.jpg&#8221; custom_padding=&#8221;1.7em||1.7em||false|false&#8221;][et_pb_row _builder_version=&#8221;4.6.1&#8243; _module_preset=&#8221;default&#8221;][et_pb_column type=&#8221;4_4&#8243; _builder_version=&#8221;4.6.1&#8243; _module_preset=&#8221;default&#8221;][et_pb_text module_class=&#8221;bannieresujet&#8221; _builder_version=&#8221;4.6.3&#8243; _module_preset=&#8221;default&#8221; header_font=&#8221;||||||||&#8221; header_text_align=&#8221;center&#8221; header_text_color=&#8221;#264c5a&#8221; header_text_shadow_style=&#8221;preset3&#8243; header_text_shadow_blur_strength=&#8221;0.78em&#8221; header_text_shadow_color=&#8221;rgba(234,234,234,0.2)&#8221;]<\/p>\n<h1><span>Innergia and<\/span><br \/>Intervention and Organizational Change (IOC)<\/h1>\n<p>[\/et_pb_text][\/et_pb_column][\/et_pb_row][\/et_pb_section][et_pb_section fb_built=&#8221;1&#8243; custom_padding_last_edited=&#8221;on|phone&#8221; admin_label=&#8221;Introduction&#8221; module_class=&#8221;interorga&#8221; _builder_version=&#8221;4.6.1&#8243; background_color=&#8221;#eaeaea&#8221; custom_margin=&#8221;0px||0px||false|false&#8221; custom_padding=&#8221;3.7em|0px|1em|0px|false|false&#8221; custom_padding_tablet=&#8221;||1em||false|false&#8221; custom_padding_phone=&#8221;||1em||false|false&#8221;][et_pb_row admin_label=&#8221;texte&#8221; _builder_version=&#8221;4.6.1&#8243; max_width=&#8221;750px&#8221; custom_margin=&#8221;||1.8em||false|false&#8221; custom_margin_tablet=&#8221;0px||1em||false|false&#8221; custom_margin_phone=&#8221;||0.8em||false|false&#8221; custom_margin_last_edited=&#8221;on|desktop&#8221; custom_padding=&#8221;0px||0px||false|false&#8221;][et_pb_column type=&#8221;4_4&#8243; _builder_version=&#8221;4.6.1&#8243; custom_padding=&#8221;0px||0px||false|false&#8221; custom_padding_tablet=&#8221;||0px||false|false&#8221; custom_padding_phone=&#8221;0px||0px||false|false&#8221; custom_padding_last_edited=&#8221;on|desktop&#8221; custom_padding__hover=&#8221;|||&#8221;][et_pb_text admin_label=&#8221;Texte&#8221; module_class=&#8221;icointro&#8221; _builder_version=&#8221;4.6.5&#8243; text_font=&#8221;Raleway|600|||||||&#8221; text_text_color=&#8221;#264c5a&#8221; text_font_size=&#8221;1.1rem&#8221; text_line_height=&#8221;1.5em&#8221; header_font=&#8221;Raleway||||||||&#8221; header_2_font=&#8221;Raleway|700|||||||&#8221; header_2_text_color=&#8221;#e64152&#8243; header_2_font_size=&#8221;2.2em&#8221; header_2_line_height=&#8221;1.25em&#8221; header_3_font=&#8221;|600|||||||&#8221; header_3_text_color=&#8221;#3f6b7a&#8221; header_3_font_size=&#8221;1.2em&#8221; module_alignment=&#8221;center&#8221; custom_margin=&#8221;||0px||false|false&#8221; custom_padding=&#8221;||0.5em||false|false&#8221; custom_padding_tablet=&#8221;||1em||false|false&#8221; custom_padding_phone=&#8221;&#8221; custom_padding_last_edited=&#8221;on|phone&#8221; hover_enabled=&#8221;0&#8243; text_font_size_tablet=&#8221;0.9rem&#8221; text_font_size_phone=&#8221;0.85rem&#8221; text_font_size_last_edited=&#8221;on|desktop&#8221; text_line_height_tablet=&#8221;1.5em&#8221; text_line_height_phone=&#8221;1.3em&#8221; text_line_height_last_edited=&#8221;on|phone&#8221; header_2_font_size_tablet=&#8221;2.1em&#8221; header_2_font_size_phone=&#8221;1.5em&#8221; header_2_font_size_last_edited=&#8221;on|tablet&#8221; header_2_line_height_tablet=&#8221;1.2em&#8221; header_2_line_height_phone=&#8221;&#8221; header_2_line_height_last_edited=&#8221;on|desktop&#8221; header_3_font_size_tablet=&#8221;&#8221; header_3_font_size_phone=&#8221;1.1em&#8221; header_3_font_size_last_edited=&#8221;on|phone&#8221; text_orientation_tablet=&#8221;left&#8221; text_orientation_phone=&#8221;left&#8221; text_orientation_last_edited=&#8221;on|desktop&#8221; locked=&#8221;off&#8221; sticky_enabled=&#8221;0&#8243;]<\/p>\n<h2>You need to be sure\u2026<\/h2>\n<h3>\u2026 that your organization direction, strategies and objectives are consistent with your vision, values and priorities.<\/h3>\n<h2>You need to optimize\u2026<\/h2>\n<h3>\u2026 your organization efficiency to maximize return on investments and ensure your company\u2019s long-term viability.<\/h3>\n<h2>You need to dream\u2026<\/h2>\n<h3>\u2026 of a time when your leaders and the entire organization take full responsibility to achieve your corporate goals and the results you are aiming for.<\/h3>\n<p>[\/et_pb_text][\/et_pb_column][\/et_pb_row][\/et_pb_section][et_pb_section fb_built=&#8221;1&#8243; custom_padding_last_edited=&#8221;on|phone&#8221; admin_label=&#8221;Introduction&#8221; module_class=&#8221;interorga&#8221; _builder_version=&#8221;4.6.1&#8243; background_color=&#8221;#ffffff&#8221; custom_margin=&#8221;0px||0px||false|false&#8221; custom_padding=&#8221;3.7em|0px|2em|0px|false|false&#8221; custom_padding_tablet=&#8221;||2em||false|false&#8221; custom_padding_phone=&#8221;||2em||false|false&#8221;][et_pb_row admin_label=&#8221;texte&#8221; _builder_version=&#8221;4.6.1&#8243; max_width=&#8221;750px&#8221; custom_margin=&#8221;||1.8em||false|false&#8221; custom_margin_tablet=&#8221;0px||1em||false|false&#8221; custom_margin_phone=&#8221;||0.8em||false|false&#8221; custom_margin_last_edited=&#8221;on|desktop&#8221; custom_padding=&#8221;0px||0px||false|false&#8221;][et_pb_column type=&#8221;4_4&#8243; _builder_version=&#8221;4.6.1&#8243; custom_padding=&#8221;0px||0px||false|false&#8221; custom_padding_tablet=&#8221;||0px||false|false&#8221; custom_padding_phone=&#8221;0px||0px||false|false&#8221; custom_padding_last_edited=&#8221;on|desktop&#8221; custom_padding__hover=&#8221;|||&#8221;][et_pb_text admin_label=&#8221;Texte&#8221; module_class=&#8221;interorgatexte&#8221; _builder_version=&#8221;4.6.3&#8243; text_font=&#8221;Raleway|500|||||||&#8221; text_text_color=&#8221;#435287&#8243; text_font_size=&#8221;1.1rem&#8221; text_line_height=&#8221;2em&#8221; header_font=&#8221;Raleway||||||||&#8221; header_2_font=&#8221;|700|||||||&#8221; header_2_text_color=&#8221;#e64152&#8243; header_2_font_size=&#8221;1.6em&#8221; header_2_line_height=&#8221;1.5em&#8221; module_alignment=&#8221;center&#8221; custom_margin=&#8221;||0px||false|false&#8221; custom_padding=&#8221;||0px||false|false&#8221; custom_padding_tablet=&#8221;||1em||false|false&#8221; custom_padding_phone=&#8221;&#8221; custom_padding_last_edited=&#8221;on|phone&#8221; text_font_size_tablet=&#8221;0.9rem&#8221; text_font_size_phone=&#8221;0.85rem&#8221; text_font_size_last_edited=&#8221;on|phone&#8221; text_line_height_tablet=&#8221;1.7em&#8221; text_line_height_phone=&#8221;&#8221; text_line_height_last_edited=&#8221;on|tablet&#8221; header_2_font_size_tablet=&#8221;1.5em&#8221; header_2_font_size_phone=&#8221;1.3em&#8221; header_2_font_size_last_edited=&#8221;on|phone&#8221; header_2_line_height_tablet=&#8221;1.2em&#8221; header_2_line_height_phone=&#8221;&#8221; header_2_line_height_last_edited=&#8221;on|phone&#8221; text_orientation_tablet=&#8221;left&#8221; text_orientation_phone=&#8221;left&#8221; text_orientation_last_edited=&#8221;on|desktop&#8221; locked=&#8221;off&#8221;]<\/p>\n<h2>Innergia <span style=\"color: #3f6b7a;\">can guide you in the choice and implementation of innovative solutions on par with your ambitions:<\/span><\/h2>\n<ul>\n<li>Diagnosis &#8211; organizational culture andhealth<\/li>\n<li>Consolidation of leadership teams and governance planning<\/li>\n<li>Recruitment of managers, high-level employees, and executives<\/li>\n<li>Supervision, workforce mobilization, and change management<\/li>\n<li>Compensation policy and structure, incentive compensation (bonuses, commissions, etc.) and pay equity<\/li>\n<li>Custom manager training on positive and disciplinary intervention<\/li>\n<li>Drafting and implementation of management policies and practices<\/li>\n<li>Labour relations, conflict management, and legal advice on termination of employment<\/li>\n<li>Labour law, negotiation and drafting of collective agreements<\/li>\n<li>Preparation and implementation of employee handbooks and onboarding programs<\/li>\n<li>Employer of choice branding and modernization of recruitment and talent selection practices<\/li>\n<li>Succession and workforce planning<\/li>\n<li>Organization charts and reorganization of duties and responsibilities<\/li>\n<li>Behavioural interviews (APS technique), skills assessments, and psychometric profiling<\/li>\n<li>Organization communications plans<\/li>\n<\/ul>\n<p>[\/et_pb_text][\/et_pb_column][\/et_pb_row][\/et_pb_section][et_pb_section fb_built=&#8221;1&#8243; custom_padding_last_edited=&#8221;on|phone&#8221; admin_label=&#8221;Pr\u00eat \u00e0 commencer?&#8221; _builder_version=&#8221;4.6.1&#8243; background_color=&#8221;#264c5a&#8221; background_enable_image=&#8221;off&#8221; background_position=&#8221;top_center&#8221; background_blend=&#8221;darken&#8221; custom_margin=&#8221;||-1px||false|false&#8221; custom_padding=&#8221;2.5em||3em||false|false&#8221; custom_padding_tablet=&#8221;1.5em||2em||false|false&#8221; custom_padding_phone=&#8221;&#8221; border_color_all=&#8221;rgba(0,0,0,0)&#8221; global_module=&#8221;946&#8243; saved_tabs=&#8221;all&#8221;][et_pb_row _builder_version=&#8221;3.25&#8243; custom_margin=&#8221;|||&#8221;][et_pb_column type=&#8221;4_4&#8243; _builder_version=&#8221;3.25&#8243; custom_padding=&#8221;|||&#8221; custom_padding__hover=&#8221;|||&#8221;][et_pb_cta title=&#8221;Ready to start?&#8221; button_url=&#8221;@ET-DC@eyJkeW5hbWljIjp0cnVlLCJjb250ZW50IjoicG9zdF9saW5rX3VybF9wYWdlIiwic2V0dGluZ3MiOnsicG9zdF9pZCI6IjU2In19@&#8221; button_text=&#8221;Contact&#8221; _builder_version=&#8221;4.6.3&#8243; _dynamic_attributes=&#8221;button_url&#8221; header_font=&#8221;Raleway|900||on|||||&#8221; header_font_size=&#8221;1.77em&#8221; header_letter_spacing=&#8221;2px&#8221; header_line_height=&#8221;1.4em&#8221; body_font=&#8221;Raleway||||||||&#8221; body_font_size=&#8221;1.5rem&#8221; body_line_height=&#8221;1.5em&#8221; use_background_color=&#8221;off&#8221; custom_button=&#8221;on&#8221; button_text_size=&#8221;0.75em&#8221; max_width=&#8221;750px&#8221; module_alignment=&#8221;center&#8221; animation_style=&#8221;fold&#8221; header_font_size_tablet=&#8221;1.5em&#8221; header_font_size_phone=&#8221;1.2em&#8221; header_font_size_last_edited=&#8221;on|phone&#8221; body_font_size_tablet=&#8221;1.4rem&#8221; body_font_size_phone=&#8221;1.2rem&#8221; body_font_size_last_edited=&#8221;on|phone&#8221; button_text_size_tablet=&#8221;0.7em&#8221; button_text_size_phone=&#8221;0.9em&#8221; button_text_size_last_edited=&#8221;on|phone&#8221; header_text_shadow_style=&#8221;preset1&#8243; header_text_shadow_blur_strength=&#8221;0.6em&#8221; header_text_shadow_color=&#8221;rgba(0,0,0,0.24)&#8221; button_letter_spacing_hover=&#8221;2px&#8221; button_text_size__hover_enabled=&#8221;off&#8221; button_one_text_size__hover_enabled=&#8221;off&#8221; button_two_text_size__hover_enabled=&#8221;off&#8221; button_text_color__hover_enabled=&#8221;off&#8221; button_one_text_color__hover_enabled=&#8221;off&#8221; button_two_text_color__hover_enabled=&#8221;off&#8221; button_border_width__hover_enabled=&#8221;off&#8221; button_one_border_width__hover_enabled=&#8221;off&#8221; button_two_border_width__hover_enabled=&#8221;off&#8221; button_border_color__hover_enabled=&#8221;off&#8221; button_one_border_color__hover_enabled=&#8221;off&#8221; button_two_border_color__hover_enabled=&#8221;off&#8221; button_border_radius__hover_enabled=&#8221;off&#8221; button_one_border_radius__hover_enabled=&#8221;off&#8221; button_two_border_radius__hover_enabled=&#8221;off&#8221; button_letter_spacing__hover_enabled=&#8221;on&#8221; button_letter_spacing__hover=&#8221;2px&#8221; button_one_letter_spacing__hover_enabled=&#8221;off&#8221; button_two_letter_spacing__hover_enabled=&#8221;off&#8221; button_bg_color__hover_enabled=&#8221;off&#8221; button_one_bg_color__hover_enabled=&#8221;off&#8221; button_two_bg_color__hover_enabled=&#8221;off&#8221;]<\/p>\n<p><strong>The Innergia promise.<\/strong><\/p>\n<p>We help top-level decision-makers and managers fulfill their potential and guide their teams more effectively in pursuit of their goals.<\/p>\n<p>[\/et_pb_cta][\/et_pb_column][\/et_pb_row][\/et_pb_section]<\/p>\n","protected":false},"excerpt":{"rendered":"<p>Innergia andIntervention and Organizational Change (IOC)You need to be sure\u2026 \u2026 that your organization direction, strategies and objectives are consistent with your vision, values and priorities. You need to optimize\u2026 \u2026 your organization efficiency to maximize return on investments and ensure your company\u2019s long-term viability. You need to dream\u2026 \u2026 of a time when your [&hellip;]<\/p>\n","protected":false},"author":1,"featured_media":0,"parent":0,"menu_order":6,"comment_status":"closed","ping_status":"closed","template":"","meta":{"_et_pb_use_builder":"on","_et_pb_old_content":"","_et_gb_content_width":"","footnotes":""},"class_list":["post-1001","page","type-page","status-publish","hentry"],"yoast_head":"<!-- This site is optimized with the Yoast SEO plugin v27.4 - https:\/\/yoast.com\/product\/yoast-seo-wordpress\/ -->\n<title>Organizational interventions - Innergia<\/title>\n<meta name=\"description\" content=\"Innergia can guide you in the choice and implementation of innovative solutions on par with your ambitions.\" \/>\n<meta name=\"robots\" content=\"index, follow, max-snippet:-1, max-image-preview:large, max-video-preview:-1\" \/>\n<link rel=\"canonical\" href=\"https:\/\/innergia.com\/en\/organizational-interventions\/\" \/>\n<meta property=\"og:locale\" content=\"en_US\" \/>\n<meta property=\"og:type\" content=\"article\" \/>\n<meta property=\"og:title\" content=\"Organizational interventions - Innergia\" \/>\n<meta property=\"og:description\" content=\"Innergia can guide you in the choice and implementation of innovative solutions on par with your ambitions.\" \/>\n<meta property=\"og:url\" content=\"https:\/\/innergia.com\/en\/organizational-interventions\/\" \/>\n<meta property=\"og:site_name\" content=\"innergia\" \/>\n<meta property=\"article:modified_time\" content=\"2020-09-28T19:05:35+00:00\" \/>\n<meta property=\"og:image\" content=\"https:\/\/innergia.com\/wp-content\/uploads\/2020\/09\/innergia_logo.jpg\" \/>\n\t<meta property=\"og:image:width\" content=\"1200\" \/>\n\t<meta property=\"og:image:height\" content=\"628\" \/>\n\t<meta property=\"og:image:type\" content=\"image\/jpeg\" \/>\n<meta name=\"twitter:card\" content=\"summary_large_image\" \/>\n<meta name=\"twitter:image\" content=\"https:\/\/innergia.com\/wp-content\/uploads\/2020\/09\/innergia_logo.jpg\" \/>\n<meta name=\"twitter:label1\" content=\"Est. reading time\" \/>\n\t<meta name=\"twitter:data1\" content=\"7 minutes\" \/>\n<script type=\"application\/ld+json\" class=\"yoast-schema-graph\">{\"@context\":\"https:\\\/\\\/schema.org\",\"@graph\":[{\"@type\":\"WebPage\",\"@id\":\"https:\\\/\\\/innergia.com\\\/en\\\/organizational-interventions\\\/\",\"url\":\"https:\\\/\\\/innergia.com\\\/en\\\/organizational-interventions\\\/\",\"name\":\"Organizational interventions - Innergia\",\"isPartOf\":{\"@id\":\"https:\\\/\\\/innergia.com\\\/#website\"},\"datePublished\":\"2020-09-09T20:27:39+00:00\",\"dateModified\":\"2020-09-28T19:05:35+00:00\",\"description\":\"Innergia can guide you in the choice and implementation of innovative solutions on par with your ambitions.\",\"breadcrumb\":{\"@id\":\"https:\\\/\\\/innergia.com\\\/en\\\/organizational-interventions\\\/#breadcrumb\"},\"inLanguage\":\"en-US\",\"potentialAction\":[{\"@type\":\"ReadAction\",\"target\":[\"https:\\\/\\\/innergia.com\\\/en\\\/organizational-interventions\\\/\"]}]},{\"@type\":\"BreadcrumbList\",\"@id\":\"https:\\\/\\\/innergia.com\\\/en\\\/organizational-interventions\\\/#breadcrumb\",\"itemListElement\":[{\"@type\":\"ListItem\",\"position\":1,\"name\":\"Accueil\",\"item\":\"https:\\\/\\\/innergia.com\\\/en\\\/\"},{\"@type\":\"ListItem\",\"position\":2,\"name\":\"Organizational interventions\"}]},{\"@type\":\"WebSite\",\"@id\":\"https:\\\/\\\/innergia.com\\\/#website\",\"url\":\"https:\\\/\\\/innergia.com\\\/\",\"name\":\"Innergia\",\"description\":\"\u00c9levez votre r\u00e9alit\u00e9\",\"publisher\":{\"@id\":\"https:\\\/\\\/innergia.com\\\/#organization\"},\"alternateName\":\"Innergia, coaching de gestion\",\"potentialAction\":[{\"@type\":\"SearchAction\",\"target\":{\"@type\":\"EntryPoint\",\"urlTemplate\":\"https:\\\/\\\/innergia.com\\\/?s={search_term_string}\"},\"query-input\":{\"@type\":\"PropertyValueSpecification\",\"valueRequired\":true,\"valueName\":\"search_term_string\"}}],\"inLanguage\":\"en-US\"},{\"@type\":\"Organization\",\"@id\":\"https:\\\/\\\/innergia.com\\\/#organization\",\"name\":\"Innergia\",\"alternateName\":\"Innergia, coaching de gestion\",\"url\":\"https:\\\/\\\/innergia.com\\\/\",\"logo\":{\"@type\":\"ImageObject\",\"inLanguage\":\"en-US\",\"@id\":\"https:\\\/\\\/innergia.com\\\/#\\\/schema\\\/logo\\\/image\\\/\",\"url\":\"https:\\\/\\\/innergia.com\\\/wp-content\\\/uploads\\\/2023\\\/03\\\/innergia_logo2.jpg\",\"contentUrl\":\"https:\\\/\\\/innergia.com\\\/wp-content\\\/uploads\\\/2023\\\/03\\\/innergia_logo2.jpg\",\"width\":696,\"height\":696,\"caption\":\"Innergia\"},\"image\":{\"@id\":\"https:\\\/\\\/innergia.com\\\/#\\\/schema\\\/logo\\\/image\\\/\"},\"sameAs\":[\"https:\\\/\\\/www.linkedin.com\\\/company\\\/innergiacoaching\\\/\"]}]}<\/script>\n<!-- \/ Yoast SEO plugin. -->","yoast_head_json":{"title":"Organizational interventions - Innergia","description":"Innergia can guide you in the choice and implementation of innovative solutions on par with your ambitions.","robots":{"index":"index","follow":"follow","max-snippet":"max-snippet:-1","max-image-preview":"max-image-preview:large","max-video-preview":"max-video-preview:-1"},"canonical":"https:\/\/innergia.com\/en\/organizational-interventions\/","og_locale":"en_US","og_type":"article","og_title":"Organizational interventions - Innergia","og_description":"Innergia can guide you in the choice and implementation of innovative solutions on par with your ambitions.","og_url":"https:\/\/innergia.com\/en\/organizational-interventions\/","og_site_name":"innergia","article_modified_time":"2020-09-28T19:05:35+00:00","og_image":[{"width":1200,"height":628,"url":"https:\/\/innergia.com\/wp-content\/uploads\/2020\/09\/innergia_logo.jpg","type":"image\/jpeg"}],"twitter_card":"summary_large_image","twitter_image":"https:\/\/innergia.com\/wp-content\/uploads\/2020\/09\/innergia_logo.jpg","twitter_misc":{"Est. reading time":"7 minutes"},"schema":{"@context":"https:\/\/schema.org","@graph":[{"@type":"WebPage","@id":"https:\/\/innergia.com\/en\/organizational-interventions\/","url":"https:\/\/innergia.com\/en\/organizational-interventions\/","name":"Organizational interventions - Innergia","isPartOf":{"@id":"https:\/\/innergia.com\/#website"},"datePublished":"2020-09-09T20:27:39+00:00","dateModified":"2020-09-28T19:05:35+00:00","description":"Innergia can guide you in the choice and implementation of innovative solutions on par with your ambitions.","breadcrumb":{"@id":"https:\/\/innergia.com\/en\/organizational-interventions\/#breadcrumb"},"inLanguage":"en-US","potentialAction":[{"@type":"ReadAction","target":["https:\/\/innergia.com\/en\/organizational-interventions\/"]}]},{"@type":"BreadcrumbList","@id":"https:\/\/innergia.com\/en\/organizational-interventions\/#breadcrumb","itemListElement":[{"@type":"ListItem","position":1,"name":"Accueil","item":"https:\/\/innergia.com\/en\/"},{"@type":"ListItem","position":2,"name":"Organizational interventions"}]},{"@type":"WebSite","@id":"https:\/\/innergia.com\/#website","url":"https:\/\/innergia.com\/","name":"Innergia","description":"\u00c9levez votre r\u00e9alit\u00e9","publisher":{"@id":"https:\/\/innergia.com\/#organization"},"alternateName":"Innergia, coaching de gestion","potentialAction":[{"@type":"SearchAction","target":{"@type":"EntryPoint","urlTemplate":"https:\/\/innergia.com\/?s={search_term_string}"},"query-input":{"@type":"PropertyValueSpecification","valueRequired":true,"valueName":"search_term_string"}}],"inLanguage":"en-US"},{"@type":"Organization","@id":"https:\/\/innergia.com\/#organization","name":"Innergia","alternateName":"Innergia, coaching de gestion","url":"https:\/\/innergia.com\/","logo":{"@type":"ImageObject","inLanguage":"en-US","@id":"https:\/\/innergia.com\/#\/schema\/logo\/image\/","url":"https:\/\/innergia.com\/wp-content\/uploads\/2023\/03\/innergia_logo2.jpg","contentUrl":"https:\/\/innergia.com\/wp-content\/uploads\/2023\/03\/innergia_logo2.jpg","width":696,"height":696,"caption":"Innergia"},"image":{"@id":"https:\/\/innergia.com\/#\/schema\/logo\/image\/"},"sameAs":["https:\/\/www.linkedin.com\/company\/innergiacoaching\/"]}]}},"_links":{"self":[{"href":"https:\/\/innergia.com\/en\/wp-json\/wp\/v2\/pages\/1001","targetHints":{"allow":["GET"]}}],"collection":[{"href":"https:\/\/innergia.com\/en\/wp-json\/wp\/v2\/pages"}],"about":[{"href":"https:\/\/innergia.com\/en\/wp-json\/wp\/v2\/types\/page"}],"author":[{"embeddable":true,"href":"https:\/\/innergia.com\/en\/wp-json\/wp\/v2\/users\/1"}],"replies":[{"embeddable":true,"href":"https:\/\/innergia.com\/en\/wp-json\/wp\/v2\/comments?post=1001"}],"version-history":[{"count":0,"href":"https:\/\/innergia.com\/en\/wp-json\/wp\/v2\/pages\/1001\/revisions"}],"wp:attachment":[{"href":"https:\/\/innergia.com\/en\/wp-json\/wp\/v2\/media?parent=1001"}],"curies":[{"name":"wp","href":"https:\/\/api.w.org\/{rel}","templated":true}]}}