{"id":966,"date":"2020-08-27T08:19:16","date_gmt":"2020-08-27T13:19:16","guid":{"rendered":"https:\/\/innergia.com\/pourquoi-innergia\/"},"modified":"2020-10-09T08:06:46","modified_gmt":"2020-10-09T13:06:46","slug":"why-innergia","status":"publish","type":"page","link":"https:\/\/innergia.com\/en\/why-innergia\/","title":{"rendered":"Why Innergia"},"content":{"rendered":"<p>[et_pb_section fb_built=&#8221;1&#8243; admin_label=&#8221;banniere&#8221; _builder_version=&#8221;4.6.2&#8243; _module_preset=&#8221;default&#8221; background_color=&#8221;#dedede&#8221; background_image=&#8221;https:\/\/innergia.com\/wp-content\/uploads\/2020\/09\/fondentete_6.jpg&#8221; custom_padding=&#8221;1.7em||1.7em||false|false&#8221;][et_pb_row _builder_version=&#8221;4.6.1&#8243; _module_preset=&#8221;default&#8221;][et_pb_column type=&#8221;4_4&#8243; _builder_version=&#8221;4.6.1&#8243; _module_preset=&#8221;default&#8221;][et_pb_text module_class=&#8221;bannieresujet&#8221; _builder_version=&#8221;4.6.3&#8243; _module_preset=&#8221;default&#8221; header_font=&#8221;||||||||&#8221; header_text_align=&#8221;center&#8221; header_text_color=&#8221;#264c5a&#8221; hover_enabled=&#8221;0&#8243; sticky_enabled=&#8221;0&#8243;]<\/p>\n<h1><span class=\"avant\">Why<\/span><br \/> <span>Innergia<\/span><\/h1>\n<p>[\/et_pb_text][\/et_pb_column][\/et_pb_row][\/et_pb_section][et_pb_section fb_built=&#8221;1&#8243; custom_padding_last_edited=&#8221;on|phone&#8221; _builder_version=&#8221;4.6.1&#8243; background_color=&#8221;rgba(0,0,0,0.03)&#8221; background_position=&#8221;top_center&#8221; custom_margin=&#8221;|||&#8221; custom_padding=&#8221;4em||4em||false|false&#8221; custom_padding_tablet=&#8221;3em||3em||false|false&#8221; custom_padding_phone=&#8221;2em||2em||false|false&#8221;][et_pb_row column_structure=&#8221;1_2,1_2&#8243; use_custom_gutter=&#8221;on&#8221; gutter_width=&#8221;4&#8243; _builder_version=&#8221;3.25&#8243; custom_margin=&#8221;|||&#8221; locked=&#8221;off&#8221;][et_pb_column type=&#8221;1_2&#8243; _builder_version=&#8221;4.6.1&#8243; custom_padding=&#8221;|||&#8221; custom_padding__hover=&#8221;|||&#8221;][et_pb_text _builder_version=&#8221;4.6.3&#8243; text_font=&#8221;Lato||||||||&#8221; text_text_color=&#8221;#898f99&#8243; text_font_size=&#8221;0.85em&#8221; text_line_height=&#8221;1.5em&#8221; header_font=&#8221;||||||||&#8221; header_2_font=&#8221;Lato|700|||||||&#8221; header_2_text_color=&#8221;#e64152&#8243; header_2_font_size=&#8221;1.4em&#8221; header_2_line_height=&#8221;1.5em&#8221; header_3_font=&#8221;|700|||||||&#8221; header_3_text_color=&#8221;#e64152&#8243; header_3_font_size=&#8221;1.1em&#8221; header_3_line_height=&#8221;1.5em&#8221; text_orientation=&#8221;center&#8221; max_width=&#8221;800px&#8221; module_alignment=&#8221;center&#8221; custom_padding=&#8221;||0.5em||false|false&#8221; header_2_font_size_tablet=&#8221;1.3em&#8221; header_2_font_size_phone=&#8221;1.2em&#8221; header_2_font_size_last_edited=&#8221;on|phone&#8221; header_3_font_size_tablet=&#8221;&#8221; header_3_font_size_phone=&#8221;&#8221; header_3_font_size_last_edited=&#8221;on|phone&#8221; locked=&#8221;off&#8221;]<\/p>\n<h2 style=\"text-align: left;\">YOU.<\/h2>\n<p style=\"text-align: left;\">Whether you\u2019re at the head of an organization, a key member of the team, or in it on your own.<\/p>\n<p style=\"text-align: left;\"><span style=\"color: #3f6b7a;\"><strong>YOU want<\/strong><\/span> to make the most of the energy you and the people around you bring to the table.<\/p>\n<p style=\"text-align: left;\"><span style=\"color: #3f6b7a;\"><strong>YOU look<\/strong> <\/span>for concrete and lasting results from every person and team.<\/p>\n<p>[\/et_pb_text][\/et_pb_column][et_pb_column type=&#8221;1_2&#8243; _builder_version=&#8221;3.25&#8243; custom_padding=&#8221;|||&#8221; custom_padding__hover=&#8221;|||&#8221;][et_pb_text _builder_version=&#8221;4.6.5&#8243; text_font=&#8221;Lato||||||||&#8221; text_text_color=&#8221;#898f99&#8243; text_font_size=&#8221;0.85em&#8221; text_line_height=&#8221;1.5em&#8221; header_font=&#8221;||||||||&#8221; header_2_font=&#8221;Lato|700|||||||&#8221; header_2_text_color=&#8221;#e64152&#8243; header_2_font_size=&#8221;1.5em&#8221; header_2_line_height=&#8221;1.5em&#8221; header_3_font=&#8221;|700|||||||&#8221; header_3_text_color=&#8221;#e64152&#8243; header_3_font_size=&#8221;1.1em&#8221; header_3_line_height=&#8221;1.5em&#8221; text_orientation=&#8221;center&#8221; max_width=&#8221;800px&#8221; module_alignment=&#8221;center&#8221; header_2_font_size_tablet=&#8221;1.4em&#8221; header_2_font_size_phone=&#8221;1.3em&#8221; header_2_font_size_last_edited=&#8221;on|phone&#8221; header_3_font_size_tablet=&#8221;&#8221; header_3_font_size_phone=&#8221;&#8221; header_3_font_size_last_edited=&#8221;on|desktop&#8221; locked=&#8221;off&#8221;]<\/p>\n<h2 style=\"text-align: left;\">We are Innergia.<\/h2>\n<p style=\"text-align: left;\"><span style=\"color: #3f6b7a;\"><strong>We apply<\/strong><\/span> coaching methods that let you tap into and channel your employee\u2019s energy and passion. This energy allows employees reinvent themselves to be resilient, positive, agile, open and flexible. Our coaching methods will result in your employees and organization to shine!<\/p>\n<p style=\"text-align: left;\"><span style=\"color: #3f6b7a;\"><strong>Innergia has developed<\/strong><\/span> a distinctive coaching approach that delivers tangible, long-lasting results that help people unleash their personal skills that benefit both their personal and organizational performance. <\/p>\n<p>[\/et_pb_text][\/et_pb_column][\/et_pb_row][\/et_pb_section][et_pb_section fb_built=&#8221;1&#8243; custom_padding_last_edited=&#8221;on|phone&#8221; admin_label=&#8221;Pyramide Dilt&#8221; _builder_version=&#8221;4.6.1&#8243; background_color=&#8221;rgba(255,255,255,0.03)&#8221; background_position=&#8221;top_center&#8221; custom_margin=&#8221;|||&#8221; custom_padding=&#8221;4em||4em||false|false&#8221; custom_padding_tablet=&#8221;3em||3em||false|false&#8221; custom_padding_phone=&#8221;2em||2em||false|false&#8221;][et_pb_row use_custom_gutter=&#8221;on&#8221; gutter_width=&#8221;4&#8243; _builder_version=&#8221;3.25&#8243; custom_margin=&#8221;|||&#8221; locked=&#8221;off&#8221;][et_pb_column type=&#8221;4_4&#8243; _builder_version=&#8221;4.6.1&#8243; custom_padding=&#8221;|||&#8221; custom_padding__hover=&#8221;|||&#8221;][et_pb_image src=&#8221;https:\/\/innergia.com\/wp-content\/uploads\/2020\/09\/Graphique_Innergia_ENG_F1-1.jpg&#8221; alt=&#8221;Dilt\u2019s pyramid&#8221; title_text=&#8221;Dilt\u2019s pyramid&#8221; force_fullwidth=&#8221;on&#8221; src_tablet=&#8221;https:\/\/innergia.com\/wp-content\/uploads\/2020\/09\/Graphique_Innergia_ENG_F1-1.jpg&#8221; src_phone=&#8221;https:\/\/innergia.com\/wp-content\/uploads\/2020\/09\/Graphique_Innergia_FR_F1_mobile.png&#8221; src_last_edited=&#8221;on|tablet&#8221; _builder_version=&#8221;4.6.3&#8243; _module_preset=&#8221;default&#8221; custom_margin=&#8221;||0.5em||false|false&#8221;][\/et_pb_image][et_pb_text admin_label=&#8221;Texte&#8221; _builder_version=&#8221;4.6.5&#8243; text_font=&#8221;Lato||||||||&#8221; text_text_color=&#8221;#898f99&#8243; text_font_size=&#8221;0.7em&#8221; text_line_height=&#8221;1.5em&#8221; header_font=&#8221;||||||||&#8221; header_2_font=&#8221;Lato|700|||||||&#8221; header_2_font_size=&#8221;42px&#8221; header_2_line_height=&#8221;1.5em&#8221; header_3_font=&#8221;|700|||||||&#8221; header_3_text_color=&#8221;#878787&#8243; header_3_font_size=&#8221;1.1em&#8221; header_3_line_height=&#8221;1.5em&#8221; text_orientation=&#8221;center&#8221; module_alignment=&#8221;center&#8221; custom_padding=&#8221;16px||0.5em||false|false&#8221; header_3_font_size_tablet=&#8221;&#8221; header_3_font_size_phone=&#8221;&#8221; header_3_font_size_last_edited=&#8221;on|desktop&#8221; locked=&#8221;off&#8221;]<\/p>\n<p>[Reference: Robert Dilt]<\/p>\n<p>[\/et_pb_text][et_pb_text admin_label=&#8221;Texte&#8221; _builder_version=&#8221;4.6.3&#8243; text_font=&#8221;Lato||||||||&#8221; text_text_color=&#8221;#898f99&#8243; text_font_size=&#8221;0.85em&#8221; text_line_height=&#8221;1.5em&#8221; header_font=&#8221;||||||||&#8221; header_2_font=&#8221;Lato|700|||||||&#8221; header_2_font_size=&#8221;42px&#8221; header_2_line_height=&#8221;1.5em&#8221; header_3_font=&#8221;|700|||||||&#8221; header_3_text_color=&#8221;#878787&#8243; header_3_font_size=&#8221;1.1em&#8221; header_3_line_height=&#8221;1.5em&#8221; text_orientation=&#8221;center&#8221; max_width=&#8221;600px&#8221; module_alignment=&#8221;center&#8221; custom_padding=&#8221;||0.5em||false|false&#8221; header_3_font_size_tablet=&#8221;&#8221; header_3_font_size_phone=&#8221;&#8221; header_3_font_size_last_edited=&#8221;on|desktop&#8221; locked=&#8221;off&#8221;]<\/p>\n<h3>We\u2019re CONVINCED that the energy within you is just waiting to be unleashed.<\/h3>\n<p>[\/et_pb_text][et_pb_text _builder_version=&#8221;4.6.3&#8243; text_font=&#8221;Lato||||||||&#8221; text_text_color=&#8221;#898f99&#8243; text_font_size=&#8221;0.85em&#8221; text_line_height=&#8221;1.5em&#8221; header_font=&#8221;||||||||&#8221; header_2_font=&#8221;Lato|700|||||||&#8221; header_2_font_size=&#8221;42px&#8221; header_2_line_height=&#8221;1.5em&#8221; header_3_font=&#8221;|700|||||||&#8221; header_3_text_color=&#8221;#878787&#8243; header_3_font_size=&#8221;1.1em&#8221; header_3_line_height=&#8221;1.5em&#8221; text_orientation=&#8221;center&#8221; max_width=&#8221;600px&#8221; module_alignment=&#8221;center&#8221; custom_padding=&#8221;||0.5em||false|false&#8221; header_3_font_size_tablet=&#8221;&#8221; header_3_font_size_phone=&#8221;&#8221; header_3_font_size_last_edited=&#8221;on|desktop&#8221; locked=&#8221;off&#8221;]<\/p>\n<h3>Our COMMITMENT is to help you bring out your best and achieve your goals.<\/h3>\n<p>[\/et_pb_text][\/et_pb_column][\/et_pb_row][\/et_pb_section][et_pb_section fb_built=&#8221;1&#8243; custom_padding_last_edited=&#8221;on|phone&#8221; admin_label=&#8221;Pr\u00eat \u00e0 commencer?&#8221; _builder_version=&#8221;4.6.1&#8243; background_color=&#8221;#264c5a&#8221; background_enable_image=&#8221;off&#8221; background_position=&#8221;top_center&#8221; background_blend=&#8221;darken&#8221; custom_margin=&#8221;||-1px||false|false&#8221; custom_padding=&#8221;2.5em||3em||false|false&#8221; custom_padding_tablet=&#8221;1.5em||2em||false|false&#8221; custom_padding_phone=&#8221;&#8221; border_color_all=&#8221;rgba(0,0,0,0)&#8221; global_module=&#8221;946&#8243; saved_tabs=&#8221;all&#8221;][et_pb_row _builder_version=&#8221;3.25&#8243; custom_margin=&#8221;|||&#8221;][et_pb_column type=&#8221;4_4&#8243; _builder_version=&#8221;3.25&#8243; custom_padding=&#8221;|||&#8221; custom_padding__hover=&#8221;|||&#8221;][et_pb_cta title=&#8221;Ready to start?&#8221; button_url=&#8221;@ET-DC@eyJkeW5hbWljIjp0cnVlLCJjb250ZW50IjoicG9zdF9saW5rX3VybF9wYWdlIiwic2V0dGluZ3MiOnsicG9zdF9pZCI6IjU2In19@&#8221; button_text=&#8221;Contact&#8221; _builder_version=&#8221;4.6.3&#8243; _dynamic_attributes=&#8221;button_url&#8221; header_font=&#8221;Raleway|900||on|||||&#8221; header_font_size=&#8221;1.77em&#8221; header_letter_spacing=&#8221;2px&#8221; header_line_height=&#8221;1.4em&#8221; body_font=&#8221;Raleway||||||||&#8221; body_font_size=&#8221;1.5rem&#8221; body_line_height=&#8221;1.5em&#8221; use_background_color=&#8221;off&#8221; custom_button=&#8221;on&#8221; button_text_size=&#8221;0.75em&#8221; max_width=&#8221;750px&#8221; module_alignment=&#8221;center&#8221; animation_style=&#8221;fold&#8221; header_font_size_tablet=&#8221;1.5em&#8221; header_font_size_phone=&#8221;1.2em&#8221; header_font_size_last_edited=&#8221;on|phone&#8221; body_font_size_tablet=&#8221;1.4rem&#8221; body_font_size_phone=&#8221;1.2rem&#8221; body_font_size_last_edited=&#8221;on|phone&#8221; button_text_size_tablet=&#8221;0.7em&#8221; button_text_size_phone=&#8221;0.9em&#8221; button_text_size_last_edited=&#8221;on|phone&#8221; header_text_shadow_style=&#8221;preset1&#8243; header_text_shadow_blur_strength=&#8221;0.6em&#8221; header_text_shadow_color=&#8221;rgba(0,0,0,0.24)&#8221; button_letter_spacing_hover=&#8221;2px&#8221; button_text_size__hover_enabled=&#8221;off&#8221; button_one_text_size__hover_enabled=&#8221;off&#8221; button_two_text_size__hover_enabled=&#8221;off&#8221; button_text_color__hover_enabled=&#8221;off&#8221; button_one_text_color__hover_enabled=&#8221;off&#8221; button_two_text_color__hover_enabled=&#8221;off&#8221; button_border_width__hover_enabled=&#8221;off&#8221; button_one_border_width__hover_enabled=&#8221;off&#8221; button_two_border_width__hover_enabled=&#8221;off&#8221; button_border_color__hover_enabled=&#8221;off&#8221; button_one_border_color__hover_enabled=&#8221;off&#8221; button_two_border_color__hover_enabled=&#8221;off&#8221; button_border_radius__hover_enabled=&#8221;off&#8221; button_one_border_radius__hover_enabled=&#8221;off&#8221; button_two_border_radius__hover_enabled=&#8221;off&#8221; button_letter_spacing__hover_enabled=&#8221;on&#8221; button_letter_spacing__hover=&#8221;2px&#8221; button_one_letter_spacing__hover_enabled=&#8221;off&#8221; button_two_letter_spacing__hover_enabled=&#8221;off&#8221; button_bg_color__hover_enabled=&#8221;off&#8221; button_one_bg_color__hover_enabled=&#8221;off&#8221; button_two_bg_color__hover_enabled=&#8221;off&#8221;]<\/p>\n<p><strong>The Innergia promise.<\/strong><\/p>\n<p>We help top-level decision-makers and managers fulfill their potential and guide their teams more effectively in pursuit of their goals.<\/p>\n<p>[\/et_pb_cta][\/et_pb_column][\/et_pb_row][\/et_pb_section]<\/p>\n","protected":false},"excerpt":{"rendered":"<p>Why InnergiaYOU. Whether you\u2019re at the head of an organization, a key member of the team, or in it on your own. YOU want to make the most of the energy you and the people around you bring to the table. YOU look for concrete and lasting results from every person and team.We are Innergia. [&hellip;]<\/p>\n","protected":false},"author":1,"featured_media":0,"parent":0,"menu_order":1,"comment_status":"closed","ping_status":"closed","template":"","meta":{"_et_pb_use_builder":"on","_et_pb_old_content":"","_et_gb_content_width":"","footnotes":""},"class_list":["post-966","page","type-page","status-publish","hentry"],"yoast_head":"<!-- This site is optimized with the Yoast SEO plugin v27.4 - https:\/\/yoast.com\/product\/yoast-seo-wordpress\/ -->\n<title>Why Innergia - Innergia<\/title>\n<meta name=\"description\" content=\"We use coaching methods that let you tap into and channel the energy each of us has\u2014the energy that allows us to reinvent ourselves and be resilient, positive, agile, open, and flexible.\" \/>\n<meta name=\"robots\" content=\"index, follow, max-snippet:-1, max-image-preview:large, max-video-preview:-1\" \/>\n<link rel=\"canonical\" href=\"https:\/\/innergia.com\/en\/why-innergia\/\" \/>\n<meta property=\"og:locale\" content=\"en_US\" \/>\n<meta property=\"og:type\" content=\"article\" \/>\n<meta property=\"og:title\" content=\"Why Innergia - Innergia\" \/>\n<meta property=\"og:description\" content=\"We use coaching methods that let you tap into and channel the energy each of us has\u2014the energy that allows us to reinvent ourselves and be resilient, positive, agile, open, and flexible.\" \/>\n<meta property=\"og:url\" content=\"https:\/\/innergia.com\/en\/why-innergia\/\" \/>\n<meta property=\"og:site_name\" content=\"innergia\" \/>\n<meta property=\"article:modified_time\" content=\"2020-10-09T13:06:46+00:00\" \/>\n<meta property=\"og:image\" content=\"https:\/\/innergia.com\/wp-content\/uploads\/2020\/09\/innergia_logo.jpg\" \/>\n\t<meta property=\"og:image:width\" content=\"1200\" \/>\n\t<meta property=\"og:image:height\" content=\"628\" \/>\n\t<meta property=\"og:image:type\" content=\"image\/jpeg\" \/>\n<meta name=\"twitter:card\" content=\"summary_large_image\" \/>\n<meta name=\"twitter:image\" content=\"https:\/\/innergia.com\/wp-content\/uploads\/2020\/09\/innergia_logo.jpg\" \/>\n<meta name=\"twitter:label1\" content=\"Est. reading time\" \/>\n\t<meta name=\"twitter:data1\" content=\"7 minutes\" \/>\n<script type=\"application\/ld+json\" class=\"yoast-schema-graph\">{\"@context\":\"https:\\\/\\\/schema.org\",\"@graph\":[{\"@type\":\"WebPage\",\"@id\":\"https:\\\/\\\/innergia.com\\\/en\\\/why-innergia\\\/\",\"url\":\"https:\\\/\\\/innergia.com\\\/en\\\/why-innergia\\\/\",\"name\":\"Why Innergia - Innergia\",\"isPartOf\":{\"@id\":\"https:\\\/\\\/innergia.com\\\/#website\"},\"datePublished\":\"2020-08-27T13:19:16+00:00\",\"dateModified\":\"2020-10-09T13:06:46+00:00\",\"description\":\"We use coaching methods that let you tap into and channel the energy each of us has\u2014the energy that allows us to reinvent ourselves and be resilient, positive, agile, open, and flexible.\",\"breadcrumb\":{\"@id\":\"https:\\\/\\\/innergia.com\\\/en\\\/why-innergia\\\/#breadcrumb\"},\"inLanguage\":\"en-US\",\"potentialAction\":[{\"@type\":\"ReadAction\",\"target\":[\"https:\\\/\\\/innergia.com\\\/en\\\/why-innergia\\\/\"]}]},{\"@type\":\"BreadcrumbList\",\"@id\":\"https:\\\/\\\/innergia.com\\\/en\\\/why-innergia\\\/#breadcrumb\",\"itemListElement\":[{\"@type\":\"ListItem\",\"position\":1,\"name\":\"Accueil\",\"item\":\"https:\\\/\\\/innergia.com\\\/en\\\/\"},{\"@type\":\"ListItem\",\"position\":2,\"name\":\"Why Innergia\"}]},{\"@type\":\"WebSite\",\"@id\":\"https:\\\/\\\/innergia.com\\\/#website\",\"url\":\"https:\\\/\\\/innergia.com\\\/\",\"name\":\"Innergia\",\"description\":\"\u00c9levez votre r\u00e9alit\u00e9\",\"publisher\":{\"@id\":\"https:\\\/\\\/innergia.com\\\/#organization\"},\"alternateName\":\"Innergia, coaching de gestion\",\"potentialAction\":[{\"@type\":\"SearchAction\",\"target\":{\"@type\":\"EntryPoint\",\"urlTemplate\":\"https:\\\/\\\/innergia.com\\\/?s={search_term_string}\"},\"query-input\":{\"@type\":\"PropertyValueSpecification\",\"valueRequired\":true,\"valueName\":\"search_term_string\"}}],\"inLanguage\":\"en-US\"},{\"@type\":\"Organization\",\"@id\":\"https:\\\/\\\/innergia.com\\\/#organization\",\"name\":\"Innergia\",\"alternateName\":\"Innergia, coaching de gestion\",\"url\":\"https:\\\/\\\/innergia.com\\\/\",\"logo\":{\"@type\":\"ImageObject\",\"inLanguage\":\"en-US\",\"@id\":\"https:\\\/\\\/innergia.com\\\/#\\\/schema\\\/logo\\\/image\\\/\",\"url\":\"https:\\\/\\\/innergia.com\\\/wp-content\\\/uploads\\\/2023\\\/03\\\/innergia_logo2.jpg\",\"contentUrl\":\"https:\\\/\\\/innergia.com\\\/wp-content\\\/uploads\\\/2023\\\/03\\\/innergia_logo2.jpg\",\"width\":696,\"height\":696,\"caption\":\"Innergia\"},\"image\":{\"@id\":\"https:\\\/\\\/innergia.com\\\/#\\\/schema\\\/logo\\\/image\\\/\"},\"sameAs\":[\"https:\\\/\\\/www.linkedin.com\\\/company\\\/innergiacoaching\\\/\"]}]}<\/script>\n<!-- \/ Yoast SEO plugin. -->","yoast_head_json":{"title":"Why Innergia - Innergia","description":"We use coaching methods that let you tap into and channel the energy each of us has\u2014the energy that allows us to reinvent ourselves and be resilient, positive, agile, open, and flexible.","robots":{"index":"index","follow":"follow","max-snippet":"max-snippet:-1","max-image-preview":"max-image-preview:large","max-video-preview":"max-video-preview:-1"},"canonical":"https:\/\/innergia.com\/en\/why-innergia\/","og_locale":"en_US","og_type":"article","og_title":"Why Innergia - Innergia","og_description":"We use coaching methods that let you tap into and channel the energy each of us has\u2014the energy that allows us to reinvent ourselves and be resilient, positive, agile, open, and flexible.","og_url":"https:\/\/innergia.com\/en\/why-innergia\/","og_site_name":"innergia","article_modified_time":"2020-10-09T13:06:46+00:00","og_image":[{"width":1200,"height":628,"url":"https:\/\/innergia.com\/wp-content\/uploads\/2020\/09\/innergia_logo.jpg","type":"image\/jpeg"}],"twitter_card":"summary_large_image","twitter_image":"https:\/\/innergia.com\/wp-content\/uploads\/2020\/09\/innergia_logo.jpg","twitter_misc":{"Est. reading time":"7 minutes"},"schema":{"@context":"https:\/\/schema.org","@graph":[{"@type":"WebPage","@id":"https:\/\/innergia.com\/en\/why-innergia\/","url":"https:\/\/innergia.com\/en\/why-innergia\/","name":"Why Innergia - Innergia","isPartOf":{"@id":"https:\/\/innergia.com\/#website"},"datePublished":"2020-08-27T13:19:16+00:00","dateModified":"2020-10-09T13:06:46+00:00","description":"We use coaching methods that let you tap into and channel the energy each of us has\u2014the energy that allows us to reinvent ourselves and be resilient, positive, agile, open, and flexible.","breadcrumb":{"@id":"https:\/\/innergia.com\/en\/why-innergia\/#breadcrumb"},"inLanguage":"en-US","potentialAction":[{"@type":"ReadAction","target":["https:\/\/innergia.com\/en\/why-innergia\/"]}]},{"@type":"BreadcrumbList","@id":"https:\/\/innergia.com\/en\/why-innergia\/#breadcrumb","itemListElement":[{"@type":"ListItem","position":1,"name":"Accueil","item":"https:\/\/innergia.com\/en\/"},{"@type":"ListItem","position":2,"name":"Why Innergia"}]},{"@type":"WebSite","@id":"https:\/\/innergia.com\/#website","url":"https:\/\/innergia.com\/","name":"Innergia","description":"\u00c9levez votre r\u00e9alit\u00e9","publisher":{"@id":"https:\/\/innergia.com\/#organization"},"alternateName":"Innergia, coaching de gestion","potentialAction":[{"@type":"SearchAction","target":{"@type":"EntryPoint","urlTemplate":"https:\/\/innergia.com\/?s={search_term_string}"},"query-input":{"@type":"PropertyValueSpecification","valueRequired":true,"valueName":"search_term_string"}}],"inLanguage":"en-US"},{"@type":"Organization","@id":"https:\/\/innergia.com\/#organization","name":"Innergia","alternateName":"Innergia, coaching de gestion","url":"https:\/\/innergia.com\/","logo":{"@type":"ImageObject","inLanguage":"en-US","@id":"https:\/\/innergia.com\/#\/schema\/logo\/image\/","url":"https:\/\/innergia.com\/wp-content\/uploads\/2023\/03\/innergia_logo2.jpg","contentUrl":"https:\/\/innergia.com\/wp-content\/uploads\/2023\/03\/innergia_logo2.jpg","width":696,"height":696,"caption":"Innergia"},"image":{"@id":"https:\/\/innergia.com\/#\/schema\/logo\/image\/"},"sameAs":["https:\/\/www.linkedin.com\/company\/innergiacoaching\/"]}]}},"_links":{"self":[{"href":"https:\/\/innergia.com\/en\/wp-json\/wp\/v2\/pages\/966","targetHints":{"allow":["GET"]}}],"collection":[{"href":"https:\/\/innergia.com\/en\/wp-json\/wp\/v2\/pages"}],"about":[{"href":"https:\/\/innergia.com\/en\/wp-json\/wp\/v2\/types\/page"}],"author":[{"embeddable":true,"href":"https:\/\/innergia.com\/en\/wp-json\/wp\/v2\/users\/1"}],"replies":[{"embeddable":true,"href":"https:\/\/innergia.com\/en\/wp-json\/wp\/v2\/comments?post=966"}],"version-history":[{"count":0,"href":"https:\/\/innergia.com\/en\/wp-json\/wp\/v2\/pages\/966\/revisions"}],"wp:attachment":[{"href":"https:\/\/innergia.com\/en\/wp-json\/wp\/v2\/media?parent=966"}],"curies":[{"name":"wp","href":"https:\/\/api.w.org\/{rel}","templated":true}]}}